{"id":14459,"date":"2025-03-15T08:04:10","date_gmt":"2025-03-15T08:04:10","guid":{"rendered":"https:\/\/lichtrouten.de\/?page_id=14459"},"modified":"2025-03-15T08:05:46","modified_gmt":"2025-03-15T08:05:46","slug":"standorte-liste","status":"publish","type":"page","link":"https:\/\/lichtrouten.de\/en\/standorte-liste\/","title":{"rendered":"SITES"},"content":{"rendered":"<h2>\n<a href=\"http:\/\/www.lichtrouten.de\/en\/dial\/\">DIAL<\/a><br \/>\n<a href=\"http:\/\/www.lichtrouten.de\/en\/erloeserkirche\/\">ERL\u00d6SERKIRCHE<\/a><br \/>\n<a href=\"http:\/\/www.lichtrouten.de\/en\/forum\/\">FORUM<\/a><br \/>\n<a href=\"http:\/\/www.lichtrouten.de\/en\/gothaer-parkdeck\/\">GOTHAER PARKDECK<\/a><br \/>\n<a href=\"http:\/\/www.lichtrouten.de\/en\/logenhaus\/\">LOGENHAUS<\/a><br \/>\n<a href=\"http:\/\/www.lichtrouten.de\/en\/kulturhaus\/\">KULTURHAUS<\/a><br \/>\n<a href=\"http:\/\/www.lichtrouten.de\/en\/musikschule\/\">MUSIKSCHULE<\/a><br \/>\n<a href=\"http:\/\/www.lichtrouten.de\/en\/phaenomenta\/\">PH\u00c4NOMENTA<\/a><br \/>\n<a href=\"http:\/\/www.lichtrouten.de\/en\/rathaus\/\">RATHAUS<\/a><br \/>\n<a href=\"http:\/\/www.lichtrouten.de\/en\/sauerland-center\/\">SAUERLAND-CENTER<\/a><br \/>\n<a href=\"http:\/\/www.lichtrouten.de\/en\/stadtbucherei\/\">STADTB\u00dcCHEREI <\/a><br \/>\n<a href=\"http:\/\/www.lichtrouten.de\/en\/stern-center\/\">STERN-CENTER<\/a><br \/>\n<a href=\"http:\/\/www.lichtrouten.de\/en\/museen-der-stadt\/\">ST\u00c4DTISCHE GALERIE<\/a><br \/>\n<a href=\"http:\/\/www.lichtrouten.de\/en\/sternplatz\/\">STERNPLATZ<\/a><br \/>\n<a href=\"http:\/\/www.lichtrouten.de\/en\/strodel-jager\/\">STRODEL&#038;JAEGER<\/a><br \/>\n<a href=\"http:\/\/www.lichtrouten.de\/en\/tumo\/\">TUMO<\/a><br \/>\n<a href=\"http:\/\/www.lichtrouten.de\/en\/vhs\/\">VHS<\/a><br \/>\n<\/h2>\n","protected":false},"excerpt":{"rendered":"<p>DIAL ERL\u00d6SERKIRCHE FORUM GOTHAER PARKDECK LOGENHAUS KULTURHAUS MUSIKSCHULE PH\u00c4NOMENTA RATHAUS SAUERLAND-CENTER STADTB\u00dcCHEREI STERN-CENTER ST\u00c4DTISCHE GALERIE STERNPLATZ STRODEL&#038;JAEGER TUMO VHS<\/p>\n","protected":false},"author":1,"featured_media":0,"parent":0,"menu_order":4,"comment_status":"closed","ping_status":"closed","template":"","meta":{"cybocfi_hide_featured_image":"","footnotes":""},"class_list":["post-14459","page","type-page","status-publish","hentry"],"_links":{"self":[{"href":"https:\/\/lichtrouten.de\/en\/wp-json\/wp\/v2\/pages\/14459","targetHints":{"allow":["GET"]}}],"collection":[{"href":"https:\/\/lichtrouten.de\/en\/wp-json\/wp\/v2\/pages"}],"about":[{"href":"https:\/\/lichtrouten.de\/en\/wp-json\/wp\/v2\/types\/page"}],"author":[{"embeddable":true,"href":"https:\/\/lichtrouten.de\/en\/wp-json\/wp\/v2\/users\/1"}],"replies":[{"embeddable":true,"href":"https:\/\/lichtrouten.de\/en\/wp-json\/wp\/v2\/comments?post=14459"}],"version-history":[{"count":3,"href":"https:\/\/lichtrouten.de\/en\/wp-json\/wp\/v2\/pages\/14459\/revisions"}],"predecessor-version":[{"id":14462,"href":"https:\/\/lichtrouten.de\/en\/wp-json\/wp\/v2\/pages\/14459\/revisions\/14462"}],"wp:attachment":[{"href":"https:\/\/lichtrouten.de\/en\/wp-json\/wp\/v2\/media?parent=14459"}],"curies":[{"name":"wp","href":"https:\/\/api.w.org\/{rel}","templated":true}]}}